{"id":477,"date":"2025-06-02T19:30:06","date_gmt":"2025-06-02T17:30:06","guid":{"rendered":"https:\/\/www.sky2shot.fr\/?page_id=477"},"modified":"2025-06-04T22:21:08","modified_gmt":"2025-06-04T20:21:08","slug":"beats-a-vendre","status":"publish","type":"page","link":"https:\/\/www.sky2shot.fr\/index.php\/beats-a-vendre\/","title":{"rendered":"Beats A Vendre"},"content":{"rendered":"\t\t<div data-elementor-type=\"wp-page\" data-elementor-id=\"477\" class=\"elementor elementor-477\">\n\t\t\t\t<div class=\"elementor-element elementor-element-bf2d8d1 e-flex e-con-boxed e-con e-parent\" data-id=\"bf2d8d1\" data-element_type=\"container\">\n\t\t\t\t\t<div class=\"e-con-inner\">\n\t\t\t\t<div class=\"elementor-element elementor-element-4a6533c1 elementor-widget elementor-widget-text-editor\" data-id=\"4a6533c1\" data-element_type=\"widget\" data-widget_type=\"text-editor.default\">\n\t\t\t\t<div class=\"elementor-widget-container\">\n\t\t\t\t\t\t\t\t\t<div style=\"background-color: rgba(0, 0, 0, 0.75); padding: 25px; border-radius: 12px; color: #ffffff; font-family: Poppins, sans-serif;\"><h2 style=\"color: #ffcc00; text-align: center;\">\ud83c\udfa7 Choisissez votre licence<\/h2><div style=\"margin-top: 20px;\"><h3 style=\"color: #4da6ff;\">Licence Commerciale \u2013 59\u20ac<\/h3><p style=\"color: #ffffff;\">\u2705 Usage sur les r\u00e9seaux sociaux<br \/>\u2705 Plateformes (YouTube, Insta, TikTok&#8230;)<br \/>\u2705 Mon\u00e9tisation limit\u00e9e autoris\u00e9e<\/p><\/div><hr style=\"border-color: #ffffff33; margin: 20px 0;\" \/><div><h3 style=\"color: #ff4d4d;\">Licence Exclusive \u2013 189 \u20ac<\/h3><p style=\"color: #ffffff;\">\ud83d\udd25 Usage total illimit\u00e9<br \/>\ud83d\udd12 Beat retir\u00e9 du catalogue apr\u00e8s achat<br \/>\ud83c\udfaf Droits complets d\u2019exploitation<\/p><\/div><\/div>\t\t\t\t\t\t\t\t<\/div>\n\t\t\t\t<\/div>\n\t\t\t\t\t<\/div>\n\t\t\t\t<\/div>\n\t\t<div class=\"elementor-element elementor-element-3eff905 e-flex e-con-boxed e-con e-parent\" data-id=\"3eff905\" data-element_type=\"container\">\n\t\t\t\t\t<div class=\"e-con-inner\">\n\t\t\t\t<div class=\"elementor-element elementor-element-ac110ae elementor-widget elementor-widget-heading\" data-id=\"ac110ae\" data-element_type=\"widget\" data-widget_type=\"heading.default\">\n\t\t\t\t<div class=\"elementor-widget-container\">\n\t\t\t\t\t<h2 class=\"elementor-heading-title elementor-size-default\">Remplis ce devis, choisis ta licence, et retourne-le par mail \u00e0 contact@sky2shot.fr<\/h2>\t\t\t\t<\/div>\n\t\t\t\t<\/div>\n\t\t\t\t\t<\/div>\n\t\t\t\t<\/div>\n\t\t<div class=\"elementor-element elementor-element-659062a e-flex e-con-boxed e-con e-parent\" data-id=\"659062a\" data-element_type=\"container\">\n\t\t\t\t\t<div class=\"e-con-inner\">\n\t\t\t\t<div class=\"elementor-element elementor-element-677be64 elementor-widget elementor-widget-heading\" data-id=\"677be64\" data-element_type=\"widget\" data-widget_type=\"heading.default\">\n\t\t\t\t<div class=\"elementor-widget-container\">\n\t\t\t\t\t<h2 class=\"elementor-heading-title elementor-size-default\">\ud83c\udfa7 SKY2SHOT \u2013 DRONES &amp; PRODS<\/h2>\t\t\t\t<\/div>\n\t\t\t\t<\/div>\n\t\t\t\t<div class=\"elementor-element elementor-element-2401f5c elementor-widget elementor-widget-heading\" data-id=\"2401f5c\" data-element_type=\"widget\" data-widget_type=\"heading.default\">\n\t\t\t\t<div class=\"elementor-widget-container\">\n\t\t\t\t\t<h2 class=\"elementor-heading-title elementor-size-default\"><div style=\"text-align: center;margin-top: 30px\">\n  <a href=\"https:\/\/sky2shot.fr\/wp-content\/uploads\/2025\/06\/devis_sky2shot_remplissable.pdf\" style=\"background-color: #ffcc00;color: #000;padding: 15px 25px;font-size: 16px;text-decoration: none;font-weight: bold;border-radius: 8px;font-family: Poppins, sans-serif\">\n    \ud83d\udcc4 T\u00e9l\u00e9charger le devis personnalis\u00e9\n  <\/a>\n<\/div><\/h2>\t\t\t\t<\/div>\n\t\t\t\t<\/div>\n\t\t\t\t<div class=\"elementor-element elementor-element-08e93bc elementor-widget elementor-widget-heading\" data-id=\"08e93bc\" data-element_type=\"widget\" data-widget_type=\"heading.default\">\n\t\t\t\t<div class=\"elementor-widget-container\">\n\t\t\t\t\t<h2 class=\"elementor-heading-title elementor-size-default\"><div style=\"text-align: center;margin-top: 20px\">\n  <a href=\"https:\/\/sky2shot.fr\/wp-content\/uploads\/2025\/06\/devis_sky2shot_remplissable.pdf\" style=\"background-color: #ffcc00;color: #000;padding: 10px 16px;font-size: 14px;text-decoration: none;font-weight: bold;border-radius: 6px;margin-bottom: 10px\">\n    \ud83d\udcc4 Devis personnalis\u00e9\n  <\/a><br>\n  <a href=\"mailto:contact@sky2shock.fr?subject=Commande%20Beat%20Musique%204\" style=\"background-color: #ff4d4d;color: #fff;padding: 10px 16px;font-size: 14px;text-decoration: none;font-weight: bold;border-radius: 6px\">\n    \ud83d\udcb0 Commander\n  <\/a>\n<\/div><\/h2>\t\t\t\t<\/div>\n\t\t\t\t<\/div>\n\t\t\t\t\t<\/div>\n\t\t\t\t<\/div>\n\t\t\t\t<\/div>\n\t\t","protected":false},"excerpt":{"rendered":"<p>\ud83c\udfa7 Choisissez votre licence<br \/>\nLicence Commerciale \u2013 59\u20ac<br \/>\n\u2705 Usage sur les r\u00e9seaux sociaux\u2705 Plateformes (YouTube, Insta, TikTok&#8230;)\u2705 Mon\u00e9tisation limit\u00e9e autoris\u00e9e<\/p>\n<p>Licence Exclusive \u2013 189 \u20ac<br \/>\n\ud83d\udd25 Usage total illimit\u00e9\ud83d\udd12 Beat retir\u00e9 du catalogue &#8230;<\/p>\n","protected":false},"author":1,"featured_media":0,"parent":0,"menu_order":0,"comment_status":"closed","ping_status":"closed","template":"","meta":{"footnotes":""},"class_list":["post-477","page","type-page","status-publish","hentry"],"_links":{"self":[{"href":"https:\/\/www.sky2shot.fr\/index.php\/wp-json\/wp\/v2\/pages\/477","targetHints":{"allow":["GET"]}}],"collection":[{"href":"https:\/\/www.sky2shot.fr\/index.php\/wp-json\/wp\/v2\/pages"}],"about":[{"href":"https:\/\/www.sky2shot.fr\/index.php\/wp-json\/wp\/v2\/types\/page"}],"author":[{"embeddable":true,"href":"https:\/\/www.sky2shot.fr\/index.php\/wp-json\/wp\/v2\/users\/1"}],"replies":[{"embeddable":true,"href":"https:\/\/www.sky2shot.fr\/index.php\/wp-json\/wp\/v2\/comments?post=477"}],"version-history":[{"count":101,"href":"https:\/\/www.sky2shot.fr\/index.php\/wp-json\/wp\/v2\/pages\/477\/revisions"}],"predecessor-version":[{"id":856,"href":"https:\/\/www.sky2shot.fr\/index.php\/wp-json\/wp\/v2\/pages\/477\/revisions\/856"}],"wp:attachment":[{"href":"https:\/\/www.sky2shot.fr\/index.php\/wp-json\/wp\/v2\/media?parent=477"}],"curies":[{"name":"wp","href":"https:\/\/api.w.org\/{rel}","templated":true}]}}